{"id":3384,"date":"2017-12-25T09:22:00","date_gmt":"2017-12-25T09:22:00","guid":{"rendered":"https:\/\/www.antiquestradegallery.com\/boutique\/uncategorized\/rare-pair-of-art-deco-wall-furniture-by-clement-goyeneche-1893-1984\/"},"modified":"2025-04-01T16:21:51","modified_gmt":"2025-04-01T16:21:51","slug":"rare-pair-of-art-deco-wall-furniture-by-clement-goyeneche-1893-1984","status":"publish","type":"product","link":"https:\/\/www.antiquestradegallery.com\/en\/boutique\/catalogue-en\/rare-pair-of-art-deco-wall-furniture-by-clement-goyeneche-1893-1984\/","title":{"rendered":"RARE PAIR OF ART DECO WALL FURNITURE BY Clement Goyeneche, 1893 -1984"},"content":{"rendered":"<p>Walnut and walnut veneer, portor marble top, locks in silver metal. Command furniture for a large Monegasque residence. Manufacture in its workshops around the years 20\/30.<\/p>\n<p>Restorations of use and maintenance.<\/p>\n<p>Measures: Height 168 x width 130 x depth 47 cm<\/p>\n<p>Bibliography: Cl\u00e9ment Goyeneche &#8211; Architect &#8211; Painter &#8211; Designer (1893 -1984) Curriculum Vitae Cl\u00e9ment Goyeneche: Professor in charge of the most important section of the school, Cl\u00e9ment Goyeneche, from Nice, of Basque origin, was himself a student of ENAD Nice 1910-11. He will obtain in 1911 the First Prize of a national competition among all art schools in France: the &#8220;General Competition of Decorative Composition&#8221; organized by the Society for the Encouragement of Art and Industry and the Ministry of Arts. Fine Arts. This first success will be the starting point of a brilliant career because the Baroness Ephrussi de Rothschild will order from time to time the project of the great mosaic of the patio of Villa Ile-de-France in Saint-Jean-Cap-Ferrat and will obtain a few months later a grant from the City of Nice to continue his studies in Paris: the School of Fine Arts (Atelier Cormon) and the National School of Decorative Arts. He will go to Paris several young Nice who will be his classmates and will remain close friends and subsequently associates in several projects on the C\u00f4te d&#8217;Azur, including architects Richard Laugier and Paul Labb\u00e9 or artists-decorators Ren\u00e9 Cera and Mario Simon: during these years of study they will all remain in close relationship with Paul Audra, the Director of ENAD, with whom they had a true relationship of &#8220;filial piety&#8221; in the words of Cl\u00e9ment Goyeneche in a correspondence. Cl\u00e9ment Goyeneche will work very quickly with great Parisian designers such as Maurice Dufr\u00e9ne, Francis Jourdain, the fashion designer Paul Poiret (Atelier Martine), the architect Mallet-Stevens and the Atelier Primavera of the Grands Magasins du Printemps, and he will collect the rewards like the First Prize of the Decorative Art Competition of the magazine &#8220;Les Arts Fran\u00e7ais&#8221;. And at only 23 years old, he will be awarded first prize in the national competition to obtain the &#8220;Certificate of aptitude for the teaching of the Decorative Composition&#8221;, which will make him the youngest professor in France and earn him his appointment in 1920 as teacher at the National School of Decorative Arts of Nice. Cl\u00e9ment Goyeneche, president of the Nice Cosmetic Consultation Commission for the International Exhibition of 1925, presents the main directions in an introductory report: &#8220;Modernism is a conception based on the balanced relationship between the permanent aesthetic laws and the particular expression corresponding to the common needs and the ambient sensibility of an era. These needs and this sensitivity are in a constant state of evolution. An art form is beautiful forever and enters the vast domain of classicism as soon as it is born directly from life at a certain moment and satisfies both the most logical application of to the guiding principles of human thought. It achieves unity by the balance of contrasts, the living expression by the affirmation of a dominant. Material constant: technique specific to each subject, the most direct and the simplest possible. Ownership of the function: the function determines the appearance. (&#8230;) Constant aesthetic: the decor is not always necessary it is in situation only for reasons of flexibility and strict variety. Most often the architectural structure is self-sufficient. When there is decoration: correspondence of the decoration with the structural form, the destination, the function, the situation. Accuse and never conceal the architectural structure. Highlight the shape of elementary geometric solids (sphere, cylinder &#8230;) entering the architectural structure. Accuse the function by highlighting the elements of practical necessity. (&#8230;) Current art is based on the principles just stated. He tends to pure clacissism, which is an essential expression of life, which admits all poetic fantasy, moreover strongly attached to the control of reason. He repudiates any academic formula. (&#8230;) Contemporary art seeks frankness and freshness in form, the effect of the luminous contrast, the colorful harmony. He tries to retain only the essential elements of the expression, to generalize these elements to abstraction. (&#8230;) He considers as harmful all that is useless. He rejects any pastiche of the vanished art forms, as no longer corresponding to the present life. He respects and uses any traditional and logical technique. It satisfies new needs using new materials and their corresponding techniques, without entering the mold of known forms. Desiring to avoid anonymous art, it tends to mark the characters of life specific to each region and also individual sensitivities (geographical location, climate, habits, temperament). In short, current art is based on the &#8220;higher useful&#8221; and opposes &#8220;art for art&#8221;. The pavilions of the C\u00f4te d&#8217;Azur of the two international exhibitions &#8220;Art Deco&#8221; of Paris in 1925 and in 1937 The Alpes-Maritimes Pavilion at the 1925 Paris International Exhibition of Modern Decorative and Industrial Arts. The newspaper &#8220;Le Petit Ni\u00e7ois&#8221; in its edition of August 7, 1938 title on the Pavilion of the C\u00f4te d&#8217;Azur which receives a First Grand Prix, the highest reward of the Exhibition: &#8220;Cl\u00e9ment Goyeneche, who made a special statement at the 1925 Decorative Arts Exhibition, and won a Grand Prix, is again the winner of a major award. This artist has indeed come back to see his talent recognized and rewarded (..)<\/p>\n","protected":false},"excerpt":{"rendered":"<p>Walnut and walnut veneer, portor marble top, locks in silver metal. Command furniture for a large Monegasque residence. Manufacture in its workshops around the years 20\/30.<\/p>\n","protected":false},"featured_media":2612,"comment_status":"open","ping_status":"closed","template":"","meta":{"_monsterinsights_skip_tracking":false,"_monsterinsights_sitenote_active":false,"_monsterinsights_sitenote_note":"","_monsterinsights_sitenote_category":0,"jetpack_post_was_ever_published":false,"jetpack_publicize_message":"","jetpack_publicize_feature_enabled":true,"jetpack_social_post_already_shared":true,"jetpack_social_options":{"image_generator_settings":{"template":"highway","default_image_id":0,"font":"","enabled":false},"version":2}},"product_brand":[],"product_cat":[109,76,83],"product_tag":[],"class_list":{"0":"post-3384","1":"product","2":"type-product","3":"status-publish","4":"has-post-thumbnail","6":"product_cat-cabinet","7":"product_cat-catalogue-en","8":"product_cat-prestige-en","10":"first","11":"instock","12":"sold-individually","13":"shipping-taxable","14":"purchasable","15":"product-type-simple"},"yoast_head":"<!-- This site is optimized with the Yoast SEO plugin v25.8 - https:\/\/yoast.com\/wordpress\/plugins\/seo\/ -->\n<title>RARE PAIR OF ART DECO WALL FURNITURE BY Clement Goyeneche, 1893 -1984 - Antiques Trade Gallery<\/title>\n<meta name=\"description\" content=\"RARE PAIR OF ART DECO WALL FURNITURE BY Clement Goyeneche, 1893 -1984 -\" \/>\n<meta name=\"robots\" content=\"index, follow, max-snippet:-1, max-image-preview:large, max-video-preview:-1\" \/>\n<link rel=\"canonical\" href=\"https:\/\/www.antiquestradegallery.com\/en\/boutique\/catalogue-en\/rare-pair-of-art-deco-wall-furniture-by-clement-goyeneche-1893-1984\/\" \/>\n<meta property=\"og:locale\" content=\"en_US\" \/>\n<meta property=\"og:type\" content=\"article\" \/>\n<meta property=\"og:title\" content=\"RARE PAIR OF ART DECO WALL FURNITURE BY Clement Goyeneche, 1893 -1984 - Antiques Trade Gallery\" \/>\n<meta property=\"og:description\" content=\"RARE PAIR OF ART DECO WALL FURNITURE BY Clement Goyeneche, 1893 -1984 -\" \/>\n<meta property=\"og:url\" content=\"https:\/\/www.antiquestradegallery.com\/en\/boutique\/catalogue-en\/rare-pair-of-art-deco-wall-furniture-by-clement-goyeneche-1893-1984\/\" \/>\n<meta property=\"og:site_name\" content=\"Antiques Trade Gallery\" \/>\n<meta property=\"article:modified_time\" content=\"2025-04-01T16:21:51+00:00\" \/>\n<meta property=\"og:image\" content=\"https:\/\/i0.wp.com\/www.antiquestradegallery.com\/wp-content\/uploads\/2017\/12\/IMG_3346-scaled.jpg?fit=4039%2C2762&ssl=1\" \/>\n\t<meta property=\"og:image:width\" content=\"4039\" \/>\n\t<meta property=\"og:image:height\" content=\"2762\" \/>\n\t<meta property=\"og:image:type\" content=\"image\/jpeg\" \/>\n<meta name=\"twitter:card\" content=\"summary_large_image\" \/>\n<meta name=\"twitter:label1\" content=\"Est. reading time\" \/>\n\t<meta name=\"twitter:data1\" content=\"4 minutes\" \/>\n<script type=\"application\/ld+json\" class=\"yoast-schema-graph\">{\"@context\":\"https:\/\/schema.org\",\"@graph\":[{\"@type\":\"WebPage\",\"@id\":\"https:\/\/www.antiquestradegallery.com\/en\/boutique\/catalogue-en\/rare-pair-of-art-deco-wall-furniture-by-clement-goyeneche-1893-1984\/\",\"url\":\"https:\/\/www.antiquestradegallery.com\/en\/boutique\/catalogue-en\/rare-pair-of-art-deco-wall-furniture-by-clement-goyeneche-1893-1984\/\",\"name\":\"RARE PAIR OF ART DECO WALL FURNITURE BY Clement Goyeneche, 1893 -1984 - Antiques Trade Gallery\",\"isPartOf\":{\"@id\":\"https:\/\/www.antiquestradegallery.com\/#website\"},\"primaryImageOfPage\":{\"@id\":\"https:\/\/www.antiquestradegallery.com\/en\/boutique\/catalogue-en\/rare-pair-of-art-deco-wall-furniture-by-clement-goyeneche-1893-1984\/#primaryimage\"},\"image\":{\"@id\":\"https:\/\/www.antiquestradegallery.com\/en\/boutique\/catalogue-en\/rare-pair-of-art-deco-wall-furniture-by-clement-goyeneche-1893-1984\/#primaryimage\"},\"thumbnailUrl\":\"https:\/\/i0.wp.com\/www.antiquestradegallery.com\/wp-content\/uploads\/2017\/12\/IMG_3346-scaled.jpg?fit=4039%2C2762&ssl=1\",\"datePublished\":\"2017-12-25T09:22:00+00:00\",\"dateModified\":\"2025-04-01T16:21:51+00:00\",\"description\":\"RARE PAIR OF ART DECO WALL FURNITURE BY Clement Goyeneche, 1893 -1984 -\",\"breadcrumb\":{\"@id\":\"https:\/\/www.antiquestradegallery.com\/en\/boutique\/catalogue-en\/rare-pair-of-art-deco-wall-furniture-by-clement-goyeneche-1893-1984\/#breadcrumb\"},\"inLanguage\":\"en-US\",\"potentialAction\":[{\"@type\":\"ReadAction\",\"target\":[\"https:\/\/www.antiquestradegallery.com\/en\/boutique\/catalogue-en\/rare-pair-of-art-deco-wall-furniture-by-clement-goyeneche-1893-1984\/\"]}]},{\"@type\":\"ImageObject\",\"inLanguage\":\"en-US\",\"@id\":\"https:\/\/www.antiquestradegallery.com\/en\/boutique\/catalogue-en\/rare-pair-of-art-deco-wall-furniture-by-clement-goyeneche-1893-1984\/#primaryimage\",\"url\":\"https:\/\/i0.wp.com\/www.antiquestradegallery.com\/wp-content\/uploads\/2017\/12\/IMG_3346-scaled.jpg?fit=4039%2C2762&ssl=1\",\"contentUrl\":\"https:\/\/i0.wp.com\/www.antiquestradegallery.com\/wp-content\/uploads\/2017\/12\/IMG_3346-scaled.jpg?fit=4039%2C2762&ssl=1\",\"width\":4039,\"height\":2762,\"caption\":\"RARE PAIR OF ART DECO WALL FURNITURE BY Clement Goyeneche, 1893 -1984\"},{\"@type\":\"BreadcrumbList\",\"@id\":\"https:\/\/www.antiquestradegallery.com\/en\/boutique\/catalogue-en\/rare-pair-of-art-deco-wall-furniture-by-clement-goyeneche-1893-1984\/#breadcrumb\",\"itemListElement\":[{\"@type\":\"ListItem\",\"position\":1,\"name\":\"Accueil\",\"item\":\"https:\/\/www.antiquestradegallery.com\/en\/\"},{\"@type\":\"ListItem\",\"position\":2,\"name\":\"Our stock\",\"item\":\"https:\/\/www.antiquestradegallery.com\/en\/shop\/\"},{\"@type\":\"ListItem\",\"position\":3,\"name\":\"RARE PAIR OF ART DECO WALL FURNITURE BY Clement Goyeneche, 1893 -1984\"}]},{\"@type\":\"WebSite\",\"@id\":\"https:\/\/www.antiquestradegallery.com\/#website\",\"url\":\"https:\/\/www.antiquestradegallery.com\/\",\"name\":\"Antiques Trade Gallery\",\"description\":\"Antiques and Modern Furniture, Jewelry, Fashion &amp; Art\",\"publisher\":{\"@id\":\"https:\/\/www.antiquestradegallery.com\/#organization\"},\"potentialAction\":[{\"@type\":\"SearchAction\",\"target\":{\"@type\":\"EntryPoint\",\"urlTemplate\":\"https:\/\/www.antiquestradegallery.com\/?s={search_term_string}\"},\"query-input\":{\"@type\":\"PropertyValueSpecification\",\"valueRequired\":true,\"valueName\":\"search_term_string\"}}],\"inLanguage\":\"en-US\"},{\"@type\":\"Organization\",\"@id\":\"https:\/\/www.antiquestradegallery.com\/#organization\",\"name\":\"Antiques Trade Gallery\",\"url\":\"https:\/\/www.antiquestradegallery.com\/\",\"logo\":{\"@type\":\"ImageObject\",\"inLanguage\":\"en-US\",\"@id\":\"https:\/\/www.antiquestradegallery.com\/#\/schema\/logo\/image\/\",\"url\":\"https:\/\/i0.wp.com\/www.antiquestradegallery.com\/wp-content\/uploads\/2018\/01\/logo-invoices-300x36px.png?fit=300%2C36&ssl=1\",\"contentUrl\":\"https:\/\/i0.wp.com\/www.antiquestradegallery.com\/wp-content\/uploads\/2018\/01\/logo-invoices-300x36px.png?fit=300%2C36&ssl=1\",\"width\":300,\"height\":36,\"caption\":\"Antiques Trade Gallery\"},\"image\":{\"@id\":\"https:\/\/www.antiquestradegallery.com\/#\/schema\/logo\/image\/\"}}]}<\/script>\n<!-- \/ Yoast SEO plugin. -->","yoast_head_json":{"title":"RARE PAIR OF ART DECO WALL FURNITURE BY Clement Goyeneche, 1893 -1984 - Antiques Trade Gallery","description":"RARE PAIR OF ART DECO WALL FURNITURE BY Clement Goyeneche, 1893 -1984 -","robots":{"index":"index","follow":"follow","max-snippet":"max-snippet:-1","max-image-preview":"max-image-preview:large","max-video-preview":"max-video-preview:-1"},"canonical":"https:\/\/www.antiquestradegallery.com\/en\/boutique\/catalogue-en\/rare-pair-of-art-deco-wall-furniture-by-clement-goyeneche-1893-1984\/","og_locale":"en_US","og_type":"article","og_title":"RARE PAIR OF ART DECO WALL FURNITURE BY Clement Goyeneche, 1893 -1984 - Antiques Trade Gallery","og_description":"RARE PAIR OF ART DECO WALL FURNITURE BY Clement Goyeneche, 1893 -1984 -","og_url":"https:\/\/www.antiquestradegallery.com\/en\/boutique\/catalogue-en\/rare-pair-of-art-deco-wall-furniture-by-clement-goyeneche-1893-1984\/","og_site_name":"Antiques Trade Gallery","article_modified_time":"2025-04-01T16:21:51+00:00","og_image":[{"width":4039,"height":2762,"url":"https:\/\/i0.wp.com\/www.antiquestradegallery.com\/wp-content\/uploads\/2017\/12\/IMG_3346-scaled.jpg?fit=4039%2C2762&ssl=1","type":"image\/jpeg"}],"twitter_card":"summary_large_image","twitter_misc":{"Est. reading time":"4 minutes"},"schema":{"@context":"https:\/\/schema.org","@graph":[{"@type":"WebPage","@id":"https:\/\/www.antiquestradegallery.com\/en\/boutique\/catalogue-en\/rare-pair-of-art-deco-wall-furniture-by-clement-goyeneche-1893-1984\/","url":"https:\/\/www.antiquestradegallery.com\/en\/boutique\/catalogue-en\/rare-pair-of-art-deco-wall-furniture-by-clement-goyeneche-1893-1984\/","name":"RARE PAIR OF ART DECO WALL FURNITURE BY Clement Goyeneche, 1893 -1984 - Antiques Trade Gallery","isPartOf":{"@id":"https:\/\/www.antiquestradegallery.com\/#website"},"primaryImageOfPage":{"@id":"https:\/\/www.antiquestradegallery.com\/en\/boutique\/catalogue-en\/rare-pair-of-art-deco-wall-furniture-by-clement-goyeneche-1893-1984\/#primaryimage"},"image":{"@id":"https:\/\/www.antiquestradegallery.com\/en\/boutique\/catalogue-en\/rare-pair-of-art-deco-wall-furniture-by-clement-goyeneche-1893-1984\/#primaryimage"},"thumbnailUrl":"https:\/\/i0.wp.com\/www.antiquestradegallery.com\/wp-content\/uploads\/2017\/12\/IMG_3346-scaled.jpg?fit=4039%2C2762&ssl=1","datePublished":"2017-12-25T09:22:00+00:00","dateModified":"2025-04-01T16:21:51+00:00","description":"RARE PAIR OF ART DECO WALL FURNITURE BY Clement Goyeneche, 1893 -1984 -","breadcrumb":{"@id":"https:\/\/www.antiquestradegallery.com\/en\/boutique\/catalogue-en\/rare-pair-of-art-deco-wall-furniture-by-clement-goyeneche-1893-1984\/#breadcrumb"},"inLanguage":"en-US","potentialAction":[{"@type":"ReadAction","target":["https:\/\/www.antiquestradegallery.com\/en\/boutique\/catalogue-en\/rare-pair-of-art-deco-wall-furniture-by-clement-goyeneche-1893-1984\/"]}]},{"@type":"ImageObject","inLanguage":"en-US","@id":"https:\/\/www.antiquestradegallery.com\/en\/boutique\/catalogue-en\/rare-pair-of-art-deco-wall-furniture-by-clement-goyeneche-1893-1984\/#primaryimage","url":"https:\/\/i0.wp.com\/www.antiquestradegallery.com\/wp-content\/uploads\/2017\/12\/IMG_3346-scaled.jpg?fit=4039%2C2762&ssl=1","contentUrl":"https:\/\/i0.wp.com\/www.antiquestradegallery.com\/wp-content\/uploads\/2017\/12\/IMG_3346-scaled.jpg?fit=4039%2C2762&ssl=1","width":4039,"height":2762,"caption":"RARE PAIR OF ART DECO WALL FURNITURE BY Clement Goyeneche, 1893 -1984"},{"@type":"BreadcrumbList","@id":"https:\/\/www.antiquestradegallery.com\/en\/boutique\/catalogue-en\/rare-pair-of-art-deco-wall-furniture-by-clement-goyeneche-1893-1984\/#breadcrumb","itemListElement":[{"@type":"ListItem","position":1,"name":"Accueil","item":"https:\/\/www.antiquestradegallery.com\/en\/"},{"@type":"ListItem","position":2,"name":"Our stock","item":"https:\/\/www.antiquestradegallery.com\/en\/shop\/"},{"@type":"ListItem","position":3,"name":"RARE PAIR OF ART DECO WALL FURNITURE BY Clement Goyeneche, 1893 -1984"}]},{"@type":"WebSite","@id":"https:\/\/www.antiquestradegallery.com\/#website","url":"https:\/\/www.antiquestradegallery.com\/","name":"Antiques Trade Gallery","description":"Antiques and Modern Furniture, Jewelry, Fashion &amp; Art","publisher":{"@id":"https:\/\/www.antiquestradegallery.com\/#organization"},"potentialAction":[{"@type":"SearchAction","target":{"@type":"EntryPoint","urlTemplate":"https:\/\/www.antiquestradegallery.com\/?s={search_term_string}"},"query-input":{"@type":"PropertyValueSpecification","valueRequired":true,"valueName":"search_term_string"}}],"inLanguage":"en-US"},{"@type":"Organization","@id":"https:\/\/www.antiquestradegallery.com\/#organization","name":"Antiques Trade Gallery","url":"https:\/\/www.antiquestradegallery.com\/","logo":{"@type":"ImageObject","inLanguage":"en-US","@id":"https:\/\/www.antiquestradegallery.com\/#\/schema\/logo\/image\/","url":"https:\/\/i0.wp.com\/www.antiquestradegallery.com\/wp-content\/uploads\/2018\/01\/logo-invoices-300x36px.png?fit=300%2C36&ssl=1","contentUrl":"https:\/\/i0.wp.com\/www.antiquestradegallery.com\/wp-content\/uploads\/2018\/01\/logo-invoices-300x36px.png?fit=300%2C36&ssl=1","width":300,"height":36,"caption":"Antiques Trade Gallery"},"image":{"@id":"https:\/\/www.antiquestradegallery.com\/#\/schema\/logo\/image\/"}}]}},"jetpack_publicize_connections":[],"jetpack_sharing_enabled":true,"jetpack_likes_enabled":true,"jetpack-related-posts":[],"_links":{"self":[{"href":"https:\/\/www.antiquestradegallery.com\/en\/wp-json\/wp\/v2\/product\/3384","targetHints":{"allow":["GET"]}}],"collection":[{"href":"https:\/\/www.antiquestradegallery.com\/en\/wp-json\/wp\/v2\/product"}],"about":[{"href":"https:\/\/www.antiquestradegallery.com\/en\/wp-json\/wp\/v2\/types\/product"}],"replies":[{"embeddable":true,"href":"https:\/\/www.antiquestradegallery.com\/en\/wp-json\/wp\/v2\/comments?post=3384"}],"wp:featuredmedia":[{"embeddable":true,"href":"https:\/\/www.antiquestradegallery.com\/en\/wp-json\/wp\/v2\/media\/2612"}],"wp:attachment":[{"href":"https:\/\/www.antiquestradegallery.com\/en\/wp-json\/wp\/v2\/media?parent=3384"}],"wp:term":[{"taxonomy":"product_brand","embeddable":true,"href":"https:\/\/www.antiquestradegallery.com\/en\/wp-json\/wp\/v2\/product_brand?post=3384"},{"taxonomy":"product_cat","embeddable":true,"href":"https:\/\/www.antiquestradegallery.com\/en\/wp-json\/wp\/v2\/product_cat?post=3384"},{"taxonomy":"product_tag","embeddable":true,"href":"https:\/\/www.antiquestradegallery.com\/en\/wp-json\/wp\/v2\/product_tag?post=3384"}],"curies":[{"name":"wp","href":"https:\/\/api.w.org\/{rel}","templated":true}]}}