{"id":3212,"date":"2018-01-29T13:58:30","date_gmt":"2018-01-29T13:58:30","guid":{"rendered":"https:\/\/www.antiquestradegallery.com\/boutique\/uncategorized\/rare-suite-of-six-armchairs-louis-xvi-attr-j-b-sene\/"},"modified":"2024-12-02T05:34:27","modified_gmt":"2024-12-02T05:34:27","slug":"rare-suite-of-six-armchairs-louis-xvi-attr-j-b-sene","status":"publish","type":"product","link":"https:\/\/www.antiquestradegallery.com\/en\/boutique\/catalogue-en\/rare-suite-of-six-armchairs-louis-xvi-attr-j-b-sene\/","title":{"rendered":"RARE SUITE OF SIX ARMCHAIRS LOUIS XVI ATTR. J. B. SENE"},"content":{"rendered":"<p id=\"tw-target-text\" class=\"tw-data-text tw-ta tw-text-small\" dir=\"ltr\" data-placeholder=\"Traduction\"><span lang=\"en\">Lacquered wood, flat back in a policeman&#8217;s hat adorned with a pair of plumes, cuffed armrests, resting on fluted tapered legs rudent\u00e9s. Yellow velvet trim (used). <\/span><\/p>\n<p class=\"tw-data-text tw-ta tw-text-small\" dir=\"ltr\" data-placeholder=\"Traduction\"><span lang=\"en\">Restorations of use and maintenance. Condition of use. <\/span><\/p>\n<p class=\"tw-data-text tw-ta tw-text-small\" dir=\"ltr\" data-placeholder=\"Traduction\"><span lang=\"en\">XVIII century. <\/span><\/p>\n<p class=\"tw-data-text tw-ta tw-text-small\" dir=\"ltr\" data-placeholder=\"Traduction\"><span lang=\"en\">H: 91; L: 57; P: 57 cm <\/span><\/p>\n<p class=\"tw-data-text tw-ta tw-text-small\" dir=\"ltr\" data-placeholder=\"Traduction\"><span lang=\"en\">Jean-Baptiste-Claude Sen\u00e9 (Paris 1748-1803), carpenter in seats (chair, fireside chair, convertible, armchair, shepherdess, sofa, daybed) Paris. Like most 18th century carpenters, Jean-Baptiste-Claude Sen\u00e9 comes from a long-standing family: his grandfather Jean, his father Claude I (1724-1792) and his brother Claude II (master in 1769), practiced the same profession. Jean-Baptiste was born in Paris in 1748 and acquired the master&#8217;s degree at a very young age on May 10, 1769. Six months later, he settled in the neighborhood of carpenters and wood carvers, under the sign of &#8220;Gros Chapelet&#8221;. rue de Cl\u00e9ry in Paris. In 1784, his reputation is such that he counts with Georges Jacob, Boulard and Fran\u00e7ois II Foliot among the regular suppliers of Garde-Meuble. He makes some of the most sumptuous furniture in seats for royal residences. In 1789, for example, under the direction of the architect Jean-Jacques Huv\u00e9, he delivered all the furniture of the Ch\u00e2teau de Montreuil donated by Louis XVI to Madame \u00c9lisabeth, including specially refined voyeur chairs for the Turkish salon. Niche Bed (1787), Museum of Fine Arts, Boston Voyeur Chair (1787), Museum of Fine Arts, Boston Fire Screen (1787), Museum of Fine Arts, Boston His son Jean-Baptiste Sen\u00e9 succeeded him. Sen\u00e9 seats can be seen at the Palace of Versailles, Louvre Museum, Nissim-de-Camondo Museum, Blois Castle, Morlanne Castle, Evreux Museum (an armchair), the Metropolitan Museum of Art in Paris. New York, at the Museum of Fine Arts in Boston<\/span><\/p>\n","protected":false},"excerpt":{"rendered":"<p><span lang=\"en\">Lacquered wood, flat back in a policeman&#8217;s hat adorned with a pair of plumes, cuffed armrests, resting on fluted tapered legs rudent\u00e9s. Yellow velvet trim (used).<\/span><\/p>\n","protected":false},"featured_media":4354,"comment_status":"open","ping_status":"closed","template":"","meta":{"_monsterinsights_skip_tracking":false,"_monsterinsights_sitenote_active":false,"_monsterinsights_sitenote_note":"","_monsterinsights_sitenote_category":0,"jetpack_post_was_ever_published":false,"jetpack_publicize_message":"","jetpack_publicize_feature_enabled":true,"jetpack_social_post_already_shared":true,"jetpack_social_options":{"image_generator_settings":{"template":"highway","default_image_id":0,"font":"","enabled":false},"version":2}},"product_brand":[],"product_cat":[76,88],"product_tag":[],"class_list":{"0":"post-3212","1":"product","2":"type-product","3":"status-publish","4":"has-post-thumbnail","6":"product_cat-catalogue-en","7":"product_cat-seating","9":"first","10":"instock","11":"sold-individually","12":"shipping-taxable","13":"purchasable","14":"product-type-simple"},"yoast_head":"<!-- This site is optimized with the Yoast SEO plugin v25.8 - https:\/\/yoast.com\/wordpress\/plugins\/seo\/ -->\n<title>RARE SUITE OF SIX ARMCHAIRS LOUIS XVI ATTR. J. B. SENE - Antiques Trade Gallery<\/title>\n<meta name=\"description\" content=\"RARE SUITE OF SIX ARMCHAIRS LOUIS XVI ATTR. J. B. SENE -\" \/>\n<meta name=\"robots\" content=\"index, follow, max-snippet:-1, max-image-preview:large, max-video-preview:-1\" \/>\n<link rel=\"canonical\" href=\"https:\/\/www.antiquestradegallery.com\/en\/boutique\/catalogue-en\/rare-suite-of-six-armchairs-louis-xvi-attr-j-b-sene\/\" \/>\n<meta property=\"og:locale\" content=\"en_US\" \/>\n<meta property=\"og:type\" content=\"article\" \/>\n<meta property=\"og:title\" content=\"RARE SUITE OF SIX ARMCHAIRS LOUIS XVI ATTR. J. B. SENE - Antiques Trade Gallery\" \/>\n<meta property=\"og:description\" content=\"RARE SUITE OF SIX ARMCHAIRS LOUIS XVI ATTR. J. B. SENE -\" \/>\n<meta property=\"og:url\" content=\"https:\/\/www.antiquestradegallery.com\/en\/boutique\/catalogue-en\/rare-suite-of-six-armchairs-louis-xvi-attr-j-b-sene\/\" \/>\n<meta property=\"og:site_name\" content=\"Antiques Trade Gallery\" \/>\n<meta property=\"article:modified_time\" content=\"2024-12-02T05:34:27+00:00\" \/>\n<meta property=\"og:image\" content=\"https:\/\/i0.wp.com\/www.antiquestradegallery.com\/wp-content\/uploads\/2018\/01\/AS030-2.jpg?fit=1000%2C1200&ssl=1\" \/>\n\t<meta property=\"og:image:width\" content=\"1000\" \/>\n\t<meta property=\"og:image:height\" content=\"1200\" \/>\n\t<meta property=\"og:image:type\" content=\"image\/jpeg\" \/>\n<meta name=\"twitter:card\" content=\"summary_large_image\" \/>\n<meta name=\"twitter:label1\" content=\"Est. reading time\" \/>\n\t<meta name=\"twitter:data1\" content=\"1 minute\" \/>\n<script type=\"application\/ld+json\" class=\"yoast-schema-graph\">{\"@context\":\"https:\/\/schema.org\",\"@graph\":[{\"@type\":\"WebPage\",\"@id\":\"https:\/\/www.antiquestradegallery.com\/en\/boutique\/catalogue-en\/rare-suite-of-six-armchairs-louis-xvi-attr-j-b-sene\/\",\"url\":\"https:\/\/www.antiquestradegallery.com\/en\/boutique\/catalogue-en\/rare-suite-of-six-armchairs-louis-xvi-attr-j-b-sene\/\",\"name\":\"RARE SUITE OF SIX ARMCHAIRS LOUIS XVI ATTR. J. B. SENE - Antiques Trade Gallery\",\"isPartOf\":{\"@id\":\"https:\/\/www.antiquestradegallery.com\/#website\"},\"primaryImageOfPage\":{\"@id\":\"https:\/\/www.antiquestradegallery.com\/en\/boutique\/catalogue-en\/rare-suite-of-six-armchairs-louis-xvi-attr-j-b-sene\/#primaryimage\"},\"image\":{\"@id\":\"https:\/\/www.antiquestradegallery.com\/en\/boutique\/catalogue-en\/rare-suite-of-six-armchairs-louis-xvi-attr-j-b-sene\/#primaryimage\"},\"thumbnailUrl\":\"https:\/\/i0.wp.com\/www.antiquestradegallery.com\/wp-content\/uploads\/2018\/01\/AS030-2.jpg?fit=1000%2C1200&ssl=1\",\"datePublished\":\"2018-01-29T13:58:30+00:00\",\"dateModified\":\"2024-12-02T05:34:27+00:00\",\"description\":\"RARE SUITE OF SIX ARMCHAIRS LOUIS XVI ATTR. J. B. SENE -\",\"breadcrumb\":{\"@id\":\"https:\/\/www.antiquestradegallery.com\/en\/boutique\/catalogue-en\/rare-suite-of-six-armchairs-louis-xvi-attr-j-b-sene\/#breadcrumb\"},\"inLanguage\":\"en-US\",\"potentialAction\":[{\"@type\":\"ReadAction\",\"target\":[\"https:\/\/www.antiquestradegallery.com\/en\/boutique\/catalogue-en\/rare-suite-of-six-armchairs-louis-xvi-attr-j-b-sene\/\"]}]},{\"@type\":\"ImageObject\",\"inLanguage\":\"en-US\",\"@id\":\"https:\/\/www.antiquestradegallery.com\/en\/boutique\/catalogue-en\/rare-suite-of-six-armchairs-louis-xvi-attr-j-b-sene\/#primaryimage\",\"url\":\"https:\/\/i0.wp.com\/www.antiquestradegallery.com\/wp-content\/uploads\/2018\/01\/AS030-2.jpg?fit=1000%2C1200&ssl=1\",\"contentUrl\":\"https:\/\/i0.wp.com\/www.antiquestradegallery.com\/wp-content\/uploads\/2018\/01\/AS030-2.jpg?fit=1000%2C1200&ssl=1\",\"width\":1000,\"height\":1200,\"caption\":\"RARE SUITE OF SIX ARMCHAIRS LOUIS XVI ATTR. J. B. SENE\"},{\"@type\":\"BreadcrumbList\",\"@id\":\"https:\/\/www.antiquestradegallery.com\/en\/boutique\/catalogue-en\/rare-suite-of-six-armchairs-louis-xvi-attr-j-b-sene\/#breadcrumb\",\"itemListElement\":[{\"@type\":\"ListItem\",\"position\":1,\"name\":\"Accueil\",\"item\":\"https:\/\/www.antiquestradegallery.com\/en\/\"},{\"@type\":\"ListItem\",\"position\":2,\"name\":\"Our stock\",\"item\":\"https:\/\/www.antiquestradegallery.com\/en\/shop\/\"},{\"@type\":\"ListItem\",\"position\":3,\"name\":\"RARE SUITE OF SIX ARMCHAIRS LOUIS XVI ATTR. J. B. SENE\"}]},{\"@type\":\"WebSite\",\"@id\":\"https:\/\/www.antiquestradegallery.com\/#website\",\"url\":\"https:\/\/www.antiquestradegallery.com\/\",\"name\":\"Antiques Trade Gallery\",\"description\":\"Antiques and Modern Furniture, Jewelry, Fashion &amp; Art\",\"publisher\":{\"@id\":\"https:\/\/www.antiquestradegallery.com\/#organization\"},\"potentialAction\":[{\"@type\":\"SearchAction\",\"target\":{\"@type\":\"EntryPoint\",\"urlTemplate\":\"https:\/\/www.antiquestradegallery.com\/?s={search_term_string}\"},\"query-input\":{\"@type\":\"PropertyValueSpecification\",\"valueRequired\":true,\"valueName\":\"search_term_string\"}}],\"inLanguage\":\"en-US\"},{\"@type\":\"Organization\",\"@id\":\"https:\/\/www.antiquestradegallery.com\/#organization\",\"name\":\"Antiques Trade Gallery\",\"url\":\"https:\/\/www.antiquestradegallery.com\/\",\"logo\":{\"@type\":\"ImageObject\",\"inLanguage\":\"en-US\",\"@id\":\"https:\/\/www.antiquestradegallery.com\/#\/schema\/logo\/image\/\",\"url\":\"https:\/\/i0.wp.com\/www.antiquestradegallery.com\/wp-content\/uploads\/2018\/01\/logo-invoices-300x36px.png?fit=300%2C36&ssl=1\",\"contentUrl\":\"https:\/\/i0.wp.com\/www.antiquestradegallery.com\/wp-content\/uploads\/2018\/01\/logo-invoices-300x36px.png?fit=300%2C36&ssl=1\",\"width\":300,\"height\":36,\"caption\":\"Antiques Trade Gallery\"},\"image\":{\"@id\":\"https:\/\/www.antiquestradegallery.com\/#\/schema\/logo\/image\/\"}}]}<\/script>\n<!-- \/ Yoast SEO plugin. -->","yoast_head_json":{"title":"RARE SUITE OF SIX ARMCHAIRS LOUIS XVI ATTR. J. B. SENE - Antiques Trade Gallery","description":"RARE SUITE OF SIX ARMCHAIRS LOUIS XVI ATTR. J. B. SENE -","robots":{"index":"index","follow":"follow","max-snippet":"max-snippet:-1","max-image-preview":"max-image-preview:large","max-video-preview":"max-video-preview:-1"},"canonical":"https:\/\/www.antiquestradegallery.com\/en\/boutique\/catalogue-en\/rare-suite-of-six-armchairs-louis-xvi-attr-j-b-sene\/","og_locale":"en_US","og_type":"article","og_title":"RARE SUITE OF SIX ARMCHAIRS LOUIS XVI ATTR. J. B. SENE - Antiques Trade Gallery","og_description":"RARE SUITE OF SIX ARMCHAIRS LOUIS XVI ATTR. J. B. SENE -","og_url":"https:\/\/www.antiquestradegallery.com\/en\/boutique\/catalogue-en\/rare-suite-of-six-armchairs-louis-xvi-attr-j-b-sene\/","og_site_name":"Antiques Trade Gallery","article_modified_time":"2024-12-02T05:34:27+00:00","og_image":[{"width":1000,"height":1200,"url":"https:\/\/i0.wp.com\/www.antiquestradegallery.com\/wp-content\/uploads\/2018\/01\/AS030-2.jpg?fit=1000%2C1200&ssl=1","type":"image\/jpeg"}],"twitter_card":"summary_large_image","twitter_misc":{"Est. reading time":"1 minute"},"schema":{"@context":"https:\/\/schema.org","@graph":[{"@type":"WebPage","@id":"https:\/\/www.antiquestradegallery.com\/en\/boutique\/catalogue-en\/rare-suite-of-six-armchairs-louis-xvi-attr-j-b-sene\/","url":"https:\/\/www.antiquestradegallery.com\/en\/boutique\/catalogue-en\/rare-suite-of-six-armchairs-louis-xvi-attr-j-b-sene\/","name":"RARE SUITE OF SIX ARMCHAIRS LOUIS XVI ATTR. J. B. SENE - Antiques Trade Gallery","isPartOf":{"@id":"https:\/\/www.antiquestradegallery.com\/#website"},"primaryImageOfPage":{"@id":"https:\/\/www.antiquestradegallery.com\/en\/boutique\/catalogue-en\/rare-suite-of-six-armchairs-louis-xvi-attr-j-b-sene\/#primaryimage"},"image":{"@id":"https:\/\/www.antiquestradegallery.com\/en\/boutique\/catalogue-en\/rare-suite-of-six-armchairs-louis-xvi-attr-j-b-sene\/#primaryimage"},"thumbnailUrl":"https:\/\/i0.wp.com\/www.antiquestradegallery.com\/wp-content\/uploads\/2018\/01\/AS030-2.jpg?fit=1000%2C1200&ssl=1","datePublished":"2018-01-29T13:58:30+00:00","dateModified":"2024-12-02T05:34:27+00:00","description":"RARE SUITE OF SIX ARMCHAIRS LOUIS XVI ATTR. J. B. SENE -","breadcrumb":{"@id":"https:\/\/www.antiquestradegallery.com\/en\/boutique\/catalogue-en\/rare-suite-of-six-armchairs-louis-xvi-attr-j-b-sene\/#breadcrumb"},"inLanguage":"en-US","potentialAction":[{"@type":"ReadAction","target":["https:\/\/www.antiquestradegallery.com\/en\/boutique\/catalogue-en\/rare-suite-of-six-armchairs-louis-xvi-attr-j-b-sene\/"]}]},{"@type":"ImageObject","inLanguage":"en-US","@id":"https:\/\/www.antiquestradegallery.com\/en\/boutique\/catalogue-en\/rare-suite-of-six-armchairs-louis-xvi-attr-j-b-sene\/#primaryimage","url":"https:\/\/i0.wp.com\/www.antiquestradegallery.com\/wp-content\/uploads\/2018\/01\/AS030-2.jpg?fit=1000%2C1200&ssl=1","contentUrl":"https:\/\/i0.wp.com\/www.antiquestradegallery.com\/wp-content\/uploads\/2018\/01\/AS030-2.jpg?fit=1000%2C1200&ssl=1","width":1000,"height":1200,"caption":"RARE SUITE OF SIX ARMCHAIRS LOUIS XVI ATTR. J. B. SENE"},{"@type":"BreadcrumbList","@id":"https:\/\/www.antiquestradegallery.com\/en\/boutique\/catalogue-en\/rare-suite-of-six-armchairs-louis-xvi-attr-j-b-sene\/#breadcrumb","itemListElement":[{"@type":"ListItem","position":1,"name":"Accueil","item":"https:\/\/www.antiquestradegallery.com\/en\/"},{"@type":"ListItem","position":2,"name":"Our stock","item":"https:\/\/www.antiquestradegallery.com\/en\/shop\/"},{"@type":"ListItem","position":3,"name":"RARE SUITE OF SIX ARMCHAIRS LOUIS XVI ATTR. J. B. SENE"}]},{"@type":"WebSite","@id":"https:\/\/www.antiquestradegallery.com\/#website","url":"https:\/\/www.antiquestradegallery.com\/","name":"Antiques Trade Gallery","description":"Antiques and Modern Furniture, Jewelry, Fashion &amp; Art","publisher":{"@id":"https:\/\/www.antiquestradegallery.com\/#organization"},"potentialAction":[{"@type":"SearchAction","target":{"@type":"EntryPoint","urlTemplate":"https:\/\/www.antiquestradegallery.com\/?s={search_term_string}"},"query-input":{"@type":"PropertyValueSpecification","valueRequired":true,"valueName":"search_term_string"}}],"inLanguage":"en-US"},{"@type":"Organization","@id":"https:\/\/www.antiquestradegallery.com\/#organization","name":"Antiques Trade Gallery","url":"https:\/\/www.antiquestradegallery.com\/","logo":{"@type":"ImageObject","inLanguage":"en-US","@id":"https:\/\/www.antiquestradegallery.com\/#\/schema\/logo\/image\/","url":"https:\/\/i0.wp.com\/www.antiquestradegallery.com\/wp-content\/uploads\/2018\/01\/logo-invoices-300x36px.png?fit=300%2C36&ssl=1","contentUrl":"https:\/\/i0.wp.com\/www.antiquestradegallery.com\/wp-content\/uploads\/2018\/01\/logo-invoices-300x36px.png?fit=300%2C36&ssl=1","width":300,"height":36,"caption":"Antiques Trade Gallery"},"image":{"@id":"https:\/\/www.antiquestradegallery.com\/#\/schema\/logo\/image\/"}}]}},"jetpack_publicize_connections":[],"jetpack_sharing_enabled":true,"jetpack_likes_enabled":true,"jetpack-related-posts":[],"_links":{"self":[{"href":"https:\/\/www.antiquestradegallery.com\/en\/wp-json\/wp\/v2\/product\/3212","targetHints":{"allow":["GET"]}}],"collection":[{"href":"https:\/\/www.antiquestradegallery.com\/en\/wp-json\/wp\/v2\/product"}],"about":[{"href":"https:\/\/www.antiquestradegallery.com\/en\/wp-json\/wp\/v2\/types\/product"}],"replies":[{"embeddable":true,"href":"https:\/\/www.antiquestradegallery.com\/en\/wp-json\/wp\/v2\/comments?post=3212"}],"wp:featuredmedia":[{"embeddable":true,"href":"https:\/\/www.antiquestradegallery.com\/en\/wp-json\/wp\/v2\/media\/4354"}],"wp:attachment":[{"href":"https:\/\/www.antiquestradegallery.com\/en\/wp-json\/wp\/v2\/media?parent=3212"}],"wp:term":[{"taxonomy":"product_brand","embeddable":true,"href":"https:\/\/www.antiquestradegallery.com\/en\/wp-json\/wp\/v2\/product_brand?post=3212"},{"taxonomy":"product_cat","embeddable":true,"href":"https:\/\/www.antiquestradegallery.com\/en\/wp-json\/wp\/v2\/product_cat?post=3212"},{"taxonomy":"product_tag","embeddable":true,"href":"https:\/\/www.antiquestradegallery.com\/en\/wp-json\/wp\/v2\/product_tag?post=3212"}],"curies":[{"name":"wp","href":"https:\/\/api.w.org\/{rel}","templated":true}]}}