{"id":3208,"date":"2018-01-29T14:19:42","date_gmt":"2018-01-29T14:19:42","guid":{"rendered":"https:\/\/www.antiquestradegallery.com\/boutique\/uncategorized\/mignon-from-eugene-aizelin\/"},"modified":"2025-05-21T20:23:27","modified_gmt":"2025-05-21T20:23:27","slug":"mignon-by-eugene-aizelin","status":"publish","type":"product","link":"https:\/\/www.antiquestradegallery.com\/en\/boutique\/catalogue-en\/mignon-by-eugene-aizelin\/","title":{"rendered":"&#8220;MIGNON&#8221; BY EUGENE AIZELIN"},"content":{"rendered":"<p id=\"tw-target-text\" class=\"tw-data-text tw-ta tw-text-small\" dir=\"ltr\" data-placeholder=\"Traduction\">Representing a seated peasant woman. Terrace bearing the signature of Aizelin and Barbedienne, foundry in Paris.<\/p>\n<p class=\"tw-data-text tw-ta tw-text-small\" dir=\"ltr\" data-placeholder=\"Traduction\"><span lang=\"en\">Epoque XIX century. <\/span><\/p>\n<p class=\"tw-data-text tw-ta tw-text-small\" dir=\"ltr\" data-placeholder=\"Traduction\"><span lang=\"en\">H: 67; L: 40; P: 30 cm <\/span><\/p>\n<p class=\"tw-data-text tw-ta tw-text-small\" dir=\"ltr\" data-placeholder=\"Traduction\">Eug\u00e8ne-Antoine Aizelin, born July 8, 1821 in Paris and died March 4, 1902, is a French sculptor and statuary. Eug\u00e8ne Aizelin is the son of Claude-Jacques Aizelin, draftsman. He entered the \u00c9cole des Beaux-Arts in 1844 where he studied with sculptors Jules Ramey and Auguste Dumont. He participated in the Salons from 1852 to 1897 and the Universal Exhibitions of 1878, 1889 and 1900. He won several awards: a third medal at the Salon of 1859, a second medal in 1861, a third medal, at the World Fair of 1878 The group representing Mignon was exhibited for the first time in plaster at the 1880 Salon, then in marble the following year and finally in bronze at the 1889 World&#8217;s Fair, to which he was awarded a gold medal. At the same time, he received commissions for Parisian monuments: the Th\u00e9\u00e2tre du Ch\u00e2telet, the Op\u00e9ra Garnier, the H\u00f4tel de Ville in Paris, the Palais du Louvre and the churches of Trinit\u00e9 and Saint-Roch. His works are created in bronze by the Barbedienne foundry in several dimensions. He was appointed knight of the Legion of Honor in 1867, and officer of the same order in 1892.<\/p>\n","protected":false},"excerpt":{"rendered":"<p>Representing a seated peasant woman. Terrace bearing the signature of Aizelin and Barbedienne, foundry in Paris.<\/p>\n","protected":false},"featured_media":2909,"comment_status":"open","ping_status":"closed","template":"","meta":{"_monsterinsights_skip_tracking":false,"_monsterinsights_sitenote_active":false,"_monsterinsights_sitenote_note":"","_monsterinsights_sitenote_category":0,"jetpack_post_was_ever_published":false,"jetpack_publicize_message":"","jetpack_publicize_feature_enabled":true,"jetpack_social_post_already_shared":true,"jetpack_social_options":{"image_generator_settings":{"template":"highway","default_image_id":0,"font":"","enabled":false},"version":2}},"product_brand":[],"product_cat":[85,76,83],"product_tag":[],"class_list":{"0":"post-3208","1":"product","2":"type-product","3":"status-publish","4":"has-post-thumbnail","6":"product_cat-bronzes-en","7":"product_cat-catalogue-en","8":"product_cat-prestige-en","10":"first","11":"instock","12":"sold-individually","13":"shipping-taxable","14":"purchasable","15":"product-type-simple"},"yoast_head":"<!-- This site is optimized with the Yoast SEO plugin v25.8 - https:\/\/yoast.com\/wordpress\/plugins\/seo\/ -->\n<title>&quot;MIGNON&quot; BY EUGENE AIZELIN - Antiques Trade Gallery<\/title>\n<meta name=\"description\" content=\"&quot;MIGNON&quot; BY EUGENE AIZELIN -\" \/>\n<meta name=\"robots\" content=\"index, follow, max-snippet:-1, max-image-preview:large, max-video-preview:-1\" \/>\n<link rel=\"canonical\" href=\"https:\/\/www.antiquestradegallery.com\/en\/boutique\/catalogue-en\/mignon-by-eugene-aizelin\/\" \/>\n<meta property=\"og:locale\" content=\"en_US\" \/>\n<meta property=\"og:type\" content=\"article\" \/>\n<meta property=\"og:title\" content=\"&quot;MIGNON&quot; BY EUGENE AIZELIN - Antiques Trade Gallery\" \/>\n<meta property=\"og:description\" content=\"&quot;MIGNON&quot; BY EUGENE AIZELIN -\" \/>\n<meta property=\"og:url\" content=\"https:\/\/www.antiquestradegallery.com\/en\/boutique\/catalogue-en\/mignon-by-eugene-aizelin\/\" \/>\n<meta property=\"og:site_name\" content=\"Antiques Trade Gallery\" \/>\n<meta property=\"article:modified_time\" content=\"2025-05-21T20:23:27+00:00\" \/>\n<meta property=\"og:image\" content=\"https:\/\/i0.wp.com\/www.antiquestradegallery.com\/wp-content\/uploads\/2018\/01\/AS014-1.jpg?fit=1000%2C1200&ssl=1\" \/>\n\t<meta property=\"og:image:width\" content=\"1000\" \/>\n\t<meta property=\"og:image:height\" content=\"1200\" \/>\n\t<meta property=\"og:image:type\" content=\"image\/jpeg\" \/>\n<meta name=\"twitter:card\" content=\"summary_large_image\" \/>\n<meta name=\"twitter:label1\" content=\"Est. reading time\" \/>\n\t<meta name=\"twitter:data1\" content=\"1 minute\" \/>\n<script type=\"application\/ld+json\" class=\"yoast-schema-graph\">{\"@context\":\"https:\/\/schema.org\",\"@graph\":[{\"@type\":\"WebPage\",\"@id\":\"https:\/\/www.antiquestradegallery.com\/en\/boutique\/catalogue-en\/mignon-by-eugene-aizelin\/\",\"url\":\"https:\/\/www.antiquestradegallery.com\/en\/boutique\/catalogue-en\/mignon-by-eugene-aizelin\/\",\"name\":\"\\\"MIGNON\\\" BY EUGENE AIZELIN - Antiques Trade Gallery\",\"isPartOf\":{\"@id\":\"https:\/\/www.antiquestradegallery.com\/#website\"},\"primaryImageOfPage\":{\"@id\":\"https:\/\/www.antiquestradegallery.com\/en\/boutique\/catalogue-en\/mignon-by-eugene-aizelin\/#primaryimage\"},\"image\":{\"@id\":\"https:\/\/www.antiquestradegallery.com\/en\/boutique\/catalogue-en\/mignon-by-eugene-aizelin\/#primaryimage\"},\"thumbnailUrl\":\"https:\/\/i0.wp.com\/www.antiquestradegallery.com\/wp-content\/uploads\/2018\/01\/AS014-1.jpg?fit=1000%2C1200&ssl=1\",\"datePublished\":\"2018-01-29T14:19:42+00:00\",\"dateModified\":\"2025-05-21T20:23:27+00:00\",\"description\":\"\\\"MIGNON\\\" BY EUGENE AIZELIN -\",\"breadcrumb\":{\"@id\":\"https:\/\/www.antiquestradegallery.com\/en\/boutique\/catalogue-en\/mignon-by-eugene-aizelin\/#breadcrumb\"},\"inLanguage\":\"en-US\",\"potentialAction\":[{\"@type\":\"ReadAction\",\"target\":[\"https:\/\/www.antiquestradegallery.com\/en\/boutique\/catalogue-en\/mignon-by-eugene-aizelin\/\"]}]},{\"@type\":\"ImageObject\",\"inLanguage\":\"en-US\",\"@id\":\"https:\/\/www.antiquestradegallery.com\/en\/boutique\/catalogue-en\/mignon-by-eugene-aizelin\/#primaryimage\",\"url\":\"https:\/\/i0.wp.com\/www.antiquestradegallery.com\/wp-content\/uploads\/2018\/01\/AS014-1.jpg?fit=1000%2C1200&ssl=1\",\"contentUrl\":\"https:\/\/i0.wp.com\/www.antiquestradegallery.com\/wp-content\/uploads\/2018\/01\/AS014-1.jpg?fit=1000%2C1200&ssl=1\",\"width\":1000,\"height\":1200,\"caption\":\"&#8220;MIGNON&#8221; BY EUGENE AIZELIN\"},{\"@type\":\"BreadcrumbList\",\"@id\":\"https:\/\/www.antiquestradegallery.com\/en\/boutique\/catalogue-en\/mignon-by-eugene-aizelin\/#breadcrumb\",\"itemListElement\":[{\"@type\":\"ListItem\",\"position\":1,\"name\":\"Accueil\",\"item\":\"https:\/\/www.antiquestradegallery.com\/en\/\"},{\"@type\":\"ListItem\",\"position\":2,\"name\":\"Our stock\",\"item\":\"https:\/\/www.antiquestradegallery.com\/en\/shop\/\"},{\"@type\":\"ListItem\",\"position\":3,\"name\":\"&#8220;MIGNON&#8221; BY EUGENE AIZELIN\"}]},{\"@type\":\"WebSite\",\"@id\":\"https:\/\/www.antiquestradegallery.com\/#website\",\"url\":\"https:\/\/www.antiquestradegallery.com\/\",\"name\":\"Antiques Trade Gallery\",\"description\":\"Antiques and Modern Furniture, Jewelry, Fashion &amp; Art\",\"publisher\":{\"@id\":\"https:\/\/www.antiquestradegallery.com\/#organization\"},\"potentialAction\":[{\"@type\":\"SearchAction\",\"target\":{\"@type\":\"EntryPoint\",\"urlTemplate\":\"https:\/\/www.antiquestradegallery.com\/?s={search_term_string}\"},\"query-input\":{\"@type\":\"PropertyValueSpecification\",\"valueRequired\":true,\"valueName\":\"search_term_string\"}}],\"inLanguage\":\"en-US\"},{\"@type\":\"Organization\",\"@id\":\"https:\/\/www.antiquestradegallery.com\/#organization\",\"name\":\"Antiques Trade Gallery\",\"url\":\"https:\/\/www.antiquestradegallery.com\/\",\"logo\":{\"@type\":\"ImageObject\",\"inLanguage\":\"en-US\",\"@id\":\"https:\/\/www.antiquestradegallery.com\/#\/schema\/logo\/image\/\",\"url\":\"https:\/\/i0.wp.com\/www.antiquestradegallery.com\/wp-content\/uploads\/2018\/01\/logo-invoices-300x36px.png?fit=300%2C36&ssl=1\",\"contentUrl\":\"https:\/\/i0.wp.com\/www.antiquestradegallery.com\/wp-content\/uploads\/2018\/01\/logo-invoices-300x36px.png?fit=300%2C36&ssl=1\",\"width\":300,\"height\":36,\"caption\":\"Antiques Trade Gallery\"},\"image\":{\"@id\":\"https:\/\/www.antiquestradegallery.com\/#\/schema\/logo\/image\/\"}}]}<\/script>\n<!-- \/ Yoast SEO plugin. -->","yoast_head_json":{"title":"\"MIGNON\" BY EUGENE AIZELIN - Antiques Trade Gallery","description":"\"MIGNON\" BY EUGENE AIZELIN -","robots":{"index":"index","follow":"follow","max-snippet":"max-snippet:-1","max-image-preview":"max-image-preview:large","max-video-preview":"max-video-preview:-1"},"canonical":"https:\/\/www.antiquestradegallery.com\/en\/boutique\/catalogue-en\/mignon-by-eugene-aizelin\/","og_locale":"en_US","og_type":"article","og_title":"\"MIGNON\" BY EUGENE AIZELIN - Antiques Trade Gallery","og_description":"\"MIGNON\" BY EUGENE AIZELIN -","og_url":"https:\/\/www.antiquestradegallery.com\/en\/boutique\/catalogue-en\/mignon-by-eugene-aizelin\/","og_site_name":"Antiques Trade Gallery","article_modified_time":"2025-05-21T20:23:27+00:00","og_image":[{"width":1000,"height":1200,"url":"https:\/\/i0.wp.com\/www.antiquestradegallery.com\/wp-content\/uploads\/2018\/01\/AS014-1.jpg?fit=1000%2C1200&ssl=1","type":"image\/jpeg"}],"twitter_card":"summary_large_image","twitter_misc":{"Est. reading time":"1 minute"},"schema":{"@context":"https:\/\/schema.org","@graph":[{"@type":"WebPage","@id":"https:\/\/www.antiquestradegallery.com\/en\/boutique\/catalogue-en\/mignon-by-eugene-aizelin\/","url":"https:\/\/www.antiquestradegallery.com\/en\/boutique\/catalogue-en\/mignon-by-eugene-aizelin\/","name":"\"MIGNON\" BY EUGENE AIZELIN - Antiques Trade Gallery","isPartOf":{"@id":"https:\/\/www.antiquestradegallery.com\/#website"},"primaryImageOfPage":{"@id":"https:\/\/www.antiquestradegallery.com\/en\/boutique\/catalogue-en\/mignon-by-eugene-aizelin\/#primaryimage"},"image":{"@id":"https:\/\/www.antiquestradegallery.com\/en\/boutique\/catalogue-en\/mignon-by-eugene-aizelin\/#primaryimage"},"thumbnailUrl":"https:\/\/i0.wp.com\/www.antiquestradegallery.com\/wp-content\/uploads\/2018\/01\/AS014-1.jpg?fit=1000%2C1200&ssl=1","datePublished":"2018-01-29T14:19:42+00:00","dateModified":"2025-05-21T20:23:27+00:00","description":"\"MIGNON\" BY EUGENE AIZELIN -","breadcrumb":{"@id":"https:\/\/www.antiquestradegallery.com\/en\/boutique\/catalogue-en\/mignon-by-eugene-aizelin\/#breadcrumb"},"inLanguage":"en-US","potentialAction":[{"@type":"ReadAction","target":["https:\/\/www.antiquestradegallery.com\/en\/boutique\/catalogue-en\/mignon-by-eugene-aizelin\/"]}]},{"@type":"ImageObject","inLanguage":"en-US","@id":"https:\/\/www.antiquestradegallery.com\/en\/boutique\/catalogue-en\/mignon-by-eugene-aizelin\/#primaryimage","url":"https:\/\/i0.wp.com\/www.antiquestradegallery.com\/wp-content\/uploads\/2018\/01\/AS014-1.jpg?fit=1000%2C1200&ssl=1","contentUrl":"https:\/\/i0.wp.com\/www.antiquestradegallery.com\/wp-content\/uploads\/2018\/01\/AS014-1.jpg?fit=1000%2C1200&ssl=1","width":1000,"height":1200,"caption":"&#8220;MIGNON&#8221; BY EUGENE AIZELIN"},{"@type":"BreadcrumbList","@id":"https:\/\/www.antiquestradegallery.com\/en\/boutique\/catalogue-en\/mignon-by-eugene-aizelin\/#breadcrumb","itemListElement":[{"@type":"ListItem","position":1,"name":"Accueil","item":"https:\/\/www.antiquestradegallery.com\/en\/"},{"@type":"ListItem","position":2,"name":"Our stock","item":"https:\/\/www.antiquestradegallery.com\/en\/shop\/"},{"@type":"ListItem","position":3,"name":"&#8220;MIGNON&#8221; BY EUGENE AIZELIN"}]},{"@type":"WebSite","@id":"https:\/\/www.antiquestradegallery.com\/#website","url":"https:\/\/www.antiquestradegallery.com\/","name":"Antiques Trade Gallery","description":"Antiques and Modern Furniture, Jewelry, Fashion &amp; Art","publisher":{"@id":"https:\/\/www.antiquestradegallery.com\/#organization"},"potentialAction":[{"@type":"SearchAction","target":{"@type":"EntryPoint","urlTemplate":"https:\/\/www.antiquestradegallery.com\/?s={search_term_string}"},"query-input":{"@type":"PropertyValueSpecification","valueRequired":true,"valueName":"search_term_string"}}],"inLanguage":"en-US"},{"@type":"Organization","@id":"https:\/\/www.antiquestradegallery.com\/#organization","name":"Antiques Trade Gallery","url":"https:\/\/www.antiquestradegallery.com\/","logo":{"@type":"ImageObject","inLanguage":"en-US","@id":"https:\/\/www.antiquestradegallery.com\/#\/schema\/logo\/image\/","url":"https:\/\/i0.wp.com\/www.antiquestradegallery.com\/wp-content\/uploads\/2018\/01\/logo-invoices-300x36px.png?fit=300%2C36&ssl=1","contentUrl":"https:\/\/i0.wp.com\/www.antiquestradegallery.com\/wp-content\/uploads\/2018\/01\/logo-invoices-300x36px.png?fit=300%2C36&ssl=1","width":300,"height":36,"caption":"Antiques Trade Gallery"},"image":{"@id":"https:\/\/www.antiquestradegallery.com\/#\/schema\/logo\/image\/"}}]}},"jetpack_publicize_connections":[],"jetpack_sharing_enabled":true,"jetpack_likes_enabled":true,"jetpack-related-posts":[],"_links":{"self":[{"href":"https:\/\/www.antiquestradegallery.com\/en\/wp-json\/wp\/v2\/product\/3208","targetHints":{"allow":["GET"]}}],"collection":[{"href":"https:\/\/www.antiquestradegallery.com\/en\/wp-json\/wp\/v2\/product"}],"about":[{"href":"https:\/\/www.antiquestradegallery.com\/en\/wp-json\/wp\/v2\/types\/product"}],"replies":[{"embeddable":true,"href":"https:\/\/www.antiquestradegallery.com\/en\/wp-json\/wp\/v2\/comments?post=3208"}],"wp:featuredmedia":[{"embeddable":true,"href":"https:\/\/www.antiquestradegallery.com\/en\/wp-json\/wp\/v2\/media\/2909"}],"wp:attachment":[{"href":"https:\/\/www.antiquestradegallery.com\/en\/wp-json\/wp\/v2\/media?parent=3208"}],"wp:term":[{"taxonomy":"product_brand","embeddable":true,"href":"https:\/\/www.antiquestradegallery.com\/en\/wp-json\/wp\/v2\/product_brand?post=3208"},{"taxonomy":"product_cat","embeddable":true,"href":"https:\/\/www.antiquestradegallery.com\/en\/wp-json\/wp\/v2\/product_cat?post=3208"},{"taxonomy":"product_tag","embeddable":true,"href":"https:\/\/www.antiquestradegallery.com\/en\/wp-json\/wp\/v2\/product_tag?post=3208"}],"curies":[{"name":"wp","href":"https:\/\/api.w.org\/{rel}","templated":true}]}}